{"id":1023,"date":"2017-04-13T09:32:12","date_gmt":"2017-04-13T07:32:12","guid":{"rendered":"http:\/\/jdbcontentwerft.de\/mediadaten\/"},"modified":"2017-04-13T16:24:54","modified_gmt":"2017-04-13T14:24:54","slug":"mediadaten","status":"publish","type":"page","link":"\/en\/mediadaten\/","title":{"rendered":"Mediadaten"},"content":{"rendered":"<p>[vc_row][vc_column]  <article class=\"einspaltig\">\n   <h3 class=\"mittig\">Deutsche Unternehmerb\u00f6rse (DUB.de)<\/h3>Die Deutsche Unternehmerb\u00f6rse\u00a0(<a href=\"http:\/\/dub.de\/\" target=\"_blank\">DUB.de<\/a><u>)<\/u>\u00a0ist das Karriere- und Digitalisierungsportal. DUB.de bietet Orientierung in der digitalen Welt. Zudem f\u00f6rdert das Portal Unternehmerkarrieren als Nachfolger, Franchisenehmer und Gesch\u00e4ftsf\u00fchrer.<\/article>  <article class=\"einspaltig\">\n   <h3 class=\"mittig\">DUB UNTERNEHMER-MAGAZIN<\/h3>Das DUB UNTERNEHMER-Magazin ist Deutschlands auflagenst\u00e4rkster Wirtschaftstitel. Das Leitmedium f\u00fcr digitalen Wandel, K\u00fcnstliche Intelligenz und Transformation erscheint mit einer Gesamtauflage von 285.000 Exemplaren.<\/p>\n<p><\/article>  <article class=\"einspaltig\">\n   <h3 class=\"mittig\">Deutsche Seeschifffahrt<\/h3>Das Magazin des Verbands Deutscher Reeder, geh\u00f6rt zu den f\u00fchrenden deutschsprachigen maritimen Fachpublikationen. Es richtet sich an Reeder sowie an Meinungsbildner aus Wirtschaft, Verb\u00e4nden und Politik.<\/article>  <article class=\"einspaltig\">\n   <h3 class=\"mittig\">DUB UNI-CAMPUS<\/h3>Das Studi-Spezial des DUB UNTERNEHMER-Magazins ist das Leitmedium f\u00fcr Lenker von morgen. Themen sind Start-Ups, Employer Branding, Innovation und Lifestyle. Unternehmen k\u00f6nnen sich etwa als attraktive Arbeitgeber pr\u00e4sentieren.<\/article>  <article class=\"einspaltig\">\n   <h3 class=\"mittig\">PREMIUS TESTSIEGER<\/h3>Wer ist der Beste? Wer ist der Fairste oder Beliebteste? Das Verbrauchermagazin pr\u00e4sentiert Testsieger in Lebensbereichen wie Geldanlage, Versicherung, Finanzierung, Krankenkasse und Wohnen.<\/article>  <article class=\"einspaltig\">\n   <h3 class=\"mittig\">FOCUS-MONEY FONDS- UND FINANZ-BERATER<\/h3>Der Fonds- und Finanz-Berater erscheint seit 2007 monatlich als ePaper und erreicht \u00fcber 175.000 Privatanleger und semi-institutionelle Investoren. Ein Ratgeber und Entscheidungsmedium beim Kauf von Fonds, ETFs und Zertifikaten.<\/article>  <article class=\"einspaltig\">\n   <h3 class=\"mittig\">FOCUS-MONEY VersicherungsProfi<\/h3>Der FOCUS-MONEY VersicherungsProfi ist das Info-Medium f\u00fcr Versicherungsmakler, Fondsvertriebler und Mehrfachagenten. In Kooperation mit dem Bundesverband Finanzdienstleistung AfW erreicht das ePaper 14-t\u00e4glich \u00fcber 25.000 Abonnenten.<\/article>[\/vc_column][vc_column][\/vc_column][\/vc_row]<\/p>\n","protected":false},"excerpt":{"rendered":"[vc_row][vc_column][\/vc_column][vc_column][\/vc_column][\/vc_row]","protected":false},"author":7,"featured_media":0,"parent":0,"menu_order":0,"comment_status":"closed","ping_status":"closed","template":"","meta":[],"acf":[],"yoast_head":"<!-- This site is optimized with the Yoast SEO plugin v20.1 - https:\/\/yoast.com\/wordpress\/plugins\/seo\/ -->\n<title>Mediadaten | JDB \u2013 ContentWerft<\/title>\n<meta name=\"robots\" content=\"index, follow, max-snippet:-1, max-image-preview:large, max-video-preview:-1\" \/>\n<link rel=\"canonical\" href=\"\/en\/mediadaten\/\" \/>\n<meta property=\"og:locale\" content=\"en_US\" \/>\n<meta property=\"og:type\" content=\"article\" \/>\n<meta property=\"og:title\" content=\"Mediadaten | JDB \u2013 ContentWerft\" \/>\n<meta property=\"og:description\" content=\"[vc_row][vc_column][\/vc_column][vc_column][\/vc_column][\/vc_row]\" \/>\n<meta property=\"og:url\" content=\"\/en\/mediadaten\/\" \/>\n<meta property=\"og:site_name\" content=\"JDB \u2013 ContentWerft\" \/>\n<meta property=\"article:modified_time\" content=\"2017-04-13T14:24:54+00:00\" \/>\n<meta name=\"twitter:card\" content=\"summary_large_image\" \/>\n<meta name=\"twitter:label1\" content=\"Est. reading time\" \/>\n\t<meta name=\"twitter:data1\" content=\"1 minute\" \/>\n<script type=\"application\/ld+json\" class=\"yoast-schema-graph\">{\"@context\":\"https:\/\/schema.org\",\"@graph\":[{\"@type\":\"WebPage\",\"@id\":\"\/en\/mediadaten\/\",\"url\":\"\/en\/mediadaten\/\",\"name\":\"Mediadaten | JDB \u2013 ContentWerft\",\"isPartOf\":{\"@id\":\"https:\/\/jdbcontentwerft.de\/#website\"},\"datePublished\":\"2017-04-13T07:32:12+00:00\",\"dateModified\":\"2017-04-13T14:24:54+00:00\",\"breadcrumb\":{\"@id\":\"\/en\/mediadaten\/#breadcrumb\"},\"inLanguage\":\"en-US\",\"potentialAction\":[{\"@type\":\"ReadAction\",\"target\":[\"\/en\/mediadaten\/\"]}]},{\"@type\":\"BreadcrumbList\",\"@id\":\"\/en\/mediadaten\/#breadcrumb\",\"itemListElement\":[{\"@type\":\"ListItem\",\"position\":1,\"name\":\"Startseite\",\"item\":\"\/en\/\"},{\"@type\":\"ListItem\",\"position\":2,\"name\":\"Mediadaten\"}]},{\"@type\":\"WebSite\",\"@id\":\"https:\/\/jdbcontentwerft.de\/#website\",\"url\":\"https:\/\/jdbcontentwerft.de\/\",\"name\":\"JDB \u2013 ContentWerft\",\"description\":\"\",\"potentialAction\":[{\"@type\":\"SearchAction\",\"target\":{\"@type\":\"EntryPoint\",\"urlTemplate\":\"https:\/\/jdbcontentwerft.de\/?s={search_term_string}\"},\"query-input\":\"required name=search_term_string\"}],\"inLanguage\":\"en-US\"}]}<\/script>\n<!-- \/ Yoast SEO plugin. -->","yoast_head_json":{"title":"Mediadaten | JDB \u2013 ContentWerft","robots":{"index":"index","follow":"follow","max-snippet":"max-snippet:-1","max-image-preview":"max-image-preview:large","max-video-preview":"max-video-preview:-1"},"canonical":"\/en\/mediadaten\/","og_locale":"en_US","og_type":"article","og_title":"Mediadaten | JDB \u2013 ContentWerft","og_description":"[vc_row][vc_column][\/vc_column][vc_column][\/vc_column][\/vc_row]","og_url":"\/en\/mediadaten\/","og_site_name":"JDB \u2013 ContentWerft","article_modified_time":"2017-04-13T14:24:54+00:00","twitter_card":"summary_large_image","twitter_misc":{"Est. reading time":"1 minute"},"schema":{"@context":"https:\/\/schema.org","@graph":[{"@type":"WebPage","@id":"\/en\/mediadaten\/","url":"\/en\/mediadaten\/","name":"Mediadaten | JDB \u2013 ContentWerft","isPartOf":{"@id":"https:\/\/jdbcontentwerft.de\/#website"},"datePublished":"2017-04-13T07:32:12+00:00","dateModified":"2017-04-13T14:24:54+00:00","breadcrumb":{"@id":"\/en\/mediadaten\/#breadcrumb"},"inLanguage":"en-US","potentialAction":[{"@type":"ReadAction","target":["\/en\/mediadaten\/"]}]},{"@type":"BreadcrumbList","@id":"\/en\/mediadaten\/#breadcrumb","itemListElement":[{"@type":"ListItem","position":1,"name":"Startseite","item":"\/en\/"},{"@type":"ListItem","position":2,"name":"Mediadaten"}]},{"@type":"WebSite","@id":"https:\/\/jdbcontentwerft.de\/#website","url":"https:\/\/jdbcontentwerft.de\/","name":"JDB \u2013 ContentWerft","description":"","potentialAction":[{"@type":"SearchAction","target":{"@type":"EntryPoint","urlTemplate":"https:\/\/jdbcontentwerft.de\/?s={search_term_string}"},"query-input":"required name=search_term_string"}],"inLanguage":"en-US"}]}},"_links":{"self":[{"href":"\/en\/wp-json\/wp\/v2\/pages\/1023"}],"collection":[{"href":"\/en\/wp-json\/wp\/v2\/pages"}],"about":[{"href":"\/en\/wp-json\/wp\/v2\/types\/page"}],"author":[{"embeddable":true,"href":"\/en\/wp-json\/wp\/v2\/users\/7"}],"replies":[{"embeddable":true,"href":"\/en\/wp-json\/wp\/v2\/comments?post=1023"}],"version-history":[{"count":1,"href":"\/en\/wp-json\/wp\/v2\/pages\/1023\/revisions"}],"predecessor-version":[{"id":1024,"href":"\/en\/wp-json\/wp\/v2\/pages\/1023\/revisions\/1024"}],"wp:attachment":[{"href":"\/en\/wp-json\/wp\/v2\/media?parent=1023"}],"curies":[{"name":"wp","href":"https:\/\/api.w.org\/{rel}","templated":true}]}}