{"id":647,"date":"2017-03-14T13:06:21","date_gmt":"2017-03-14T12:06:21","guid":{"rendered":"http:\/\/jdbcontentwerft.de\/about\/"},"modified":"2017-04-13T13:40:04","modified_gmt":"2017-04-13T11:40:04","slug":"team","status":"publish","type":"page","link":"\/en\/team\/","title":{"rendered":"Team"},"content":{"rendered":"<p>[vc_row][vc_column]  <div class=\"videobox\">\n  <h2 class=\"mittig zweizeilig\"><span>Ma\u00dfgeschneiderte&nbsp;&nbsp<br>&nbsp;&nbsp;Kommunikationsstrategie<\/span><\/h2>\n  <video poster=\"https:\/\/jdbcontentwerft.de\/wp-content\/uploads\/2017\/03\/iStock-621675466-1280x720-960x540.jpg\" preload=\"auto\" muted autoplay>\n    <source src=\"https:\/\/jdbcontentwerft.de\/wp-content\/uploads\/2017\/03\/iStock-621675466-1280x720.webm\" type=\"video\/webm\">\n    <source src=\"https:\/\/jdbcontentwerft.de\/wp-content\/uploads\/2017\/03\/iStock-621675466-1280x720.mp4\" type=\"video\/mp4\">\n  <\/video>\n  <\/div>[\/vc_column][\/vc_row][vc_row][vc_column]  <article class=\"einspaltig\">\n   <h3 class=\"mittig\">Sei schnell. Sei aktuell. Sei pr\u00e4zise.<\/h3>Das Team der JDB ContentWerft b\u00fcndelt die Kompetenz von rund 80 Redakteuren, PR-Beratern, Grafikern und Onliner-Vermarktern. Unser Anspruch: Trends erkennen, Routinen hinterfragen, Strategien verbessern, Aufmerksamkeit erregen, damit Ihre Botschaften zielsicher ankommen.<\/article>[\/vc_column][\/vc_row][vc_row][vc_column]<h3 class=\"mittig\">Gr\u00fcnder und Gesch\u00e4ftsf\u00fchrer<\/h3><article class=\"profil profilA clearfix\"><img width=\"320\" height=\"320\" src=\"https:\/\/jdbcontentwerft.de\/wp-content\/uploads\/2018\/08\/JDB_JENS_320x320.png\" class=\"attachment-profil size-profil\" alt=\"\" decoding=\"async\" loading=\"lazy\" srcset=\"https:\/\/jdbcontentwerft.de\/wp-content\/uploads\/2018\/08\/JDB_JENS_320x320.png 320w, https:\/\/jdbcontentwerft.de\/wp-content\/uploads\/2018\/08\/JDB_JENS_320x320-150x150.png 150w, https:\/\/jdbcontentwerft.de\/wp-content\/uploads\/2018\/08\/JDB_JENS_320x320-300x300.png 300w, https:\/\/jdbcontentwerft.de\/wp-content\/uploads\/2018\/08\/JDB_JENS_320x320-240x240.png 240w\" sizes=\"(max-width: 320px) 100vw, 320px\" \/><div class=\"rahmen\">\n    <div class=\"berufsbezeichnung\">\n      <h2>Jens de Buhr<\/h2>\n      <h3>Gr\u00fcnder und Gesch\u00e4ftsf\u00fchrer<\/h3><p>\n      Seit 1997 gesch\u00e4ftsf\u00fchrender Gesellschafter der JDB MEDIA GmbH. Gesch\u00e4ftsf\u00fchrer der Deutschen Unternehmerb\u00f6rse GmbH \u2013 eine Beteiligung der Verlagsgruppe Handelsblatt. Davor: Vorstandsassistent bei Gruner + Jahr, Redakteur Capital und Marketingchef bei SAT.1.<br><br>Telefon: +49-(0)40-468832-47<br>E-Mail: <a href=\"mailto:debuhr@jdb.de\">debuhr@jdb.de<\/a><br><a href=\"https:\/\/jdbcontentwerft.de\/wp-content\/uploads\/2017\/03\/Jens-de-Buhr.vcf\" class=\"farbe-weiss\">Visitenkarte&nbsp;herunterladen<span class=\"personicon\"><\/span><\/a><\/p>\n    <\/div><\/div><\/article><div id=\"contact\"><article class=\"anschrift mittig\"><h2>Anschrift<a href=\"https:\/\/jdbcontentwerft.de\/wp-content\/uploads\/2017\/03\/ContentWerftGmbH.vcf\" target=\"_blank\"><span class=\"personiconblack\"><\/span><\/a><\/h2><h3>JDB MEDIA GmbH<\/h3><p><\/p>\n<p>Schanzenstra\u00dfe 70<br \/>\n20357 Hamburg<\/p>\n<p>Telefon: 040-46 88 320<br \/>\nBesuchen Sie uns bei <a href=\"#\" target=\"_blank\">Xing<span class=\"xing\"><\/span> <\/a><\/p>\n<p><\/article><\/div><div class=\"karte\"><iframe src=\"https:\/\/www.google.com\/maps\/embed?pb=!1m18!1m12!1m3!1d2369.764294849475!2d9.963826615661727!3d53.56197496623923!2m3!1f0!2f0!3f0!3m2!1i1024!2i768!4f13.1!3m3!1m2!1s0x47b18f4220398125%3A0x41f9651648ec7e00!2sJDB+Content+Werft!5e0!3m2!1sde!2sde!4v1488366118787\" width=\"960\" height=\"520\" frameborder=\"0\" style=\"border:0\" allowfullscreen><\/iframe><\/div>[\/vc_column][\/vc_row]<\/p>\n","protected":false},"excerpt":{"rendered":"[vc_row][vc_column][\/vc_column][\/vc_row][vc_row][vc_column][\/vc_column][\/vc_row][vc_row][vc_column][\/vc_column][\/vc_row]","protected":false},"author":1,"featured_media":0,"parent":0,"menu_order":0,"comment_status":"closed","ping_status":"closed","template":"","meta":[],"acf":[],"yoast_head":"<!-- This site is optimized with the Yoast SEO plugin v20.1 - https:\/\/yoast.com\/wordpress\/plugins\/seo\/ -->\n<title>Team | JDB \u2013 ContentWerft<\/title>\n<meta name=\"robots\" content=\"index, follow, max-snippet:-1, max-image-preview:large, max-video-preview:-1\" \/>\n<link rel=\"canonical\" href=\"\/en\/team\/\" \/>\n<meta property=\"og:locale\" content=\"en_US\" \/>\n<meta property=\"og:type\" content=\"article\" \/>\n<meta property=\"og:title\" content=\"Team | JDB \u2013 ContentWerft\" \/>\n<meta property=\"og:description\" content=\"[vc_row][vc_column][\/vc_column][\/vc_row][vc_row][vc_column][\/vc_column][\/vc_row][vc_row][vc_column][\/vc_column][\/vc_row]\" \/>\n<meta property=\"og:url\" content=\"\/en\/team\/\" \/>\n<meta property=\"og:site_name\" content=\"JDB \u2013 ContentWerft\" \/>\n<meta property=\"article:modified_time\" content=\"2017-04-13T11:40:04+00:00\" \/>\n<meta name=\"twitter:card\" content=\"summary_large_image\" \/>\n<meta name=\"twitter:label1\" content=\"Est. reading time\" \/>\n\t<meta name=\"twitter:data1\" content=\"1 minute\" \/>\n<script type=\"application\/ld+json\" class=\"yoast-schema-graph\">{\"@context\":\"https:\/\/schema.org\",\"@graph\":[{\"@type\":\"WebPage\",\"@id\":\"\/en\/team\/\",\"url\":\"\/en\/team\/\",\"name\":\"Team | JDB \u2013 ContentWerft\",\"isPartOf\":{\"@id\":\"https:\/\/jdbcontentwerft.de\/#website\"},\"datePublished\":\"2017-03-14T12:06:21+00:00\",\"dateModified\":\"2017-04-13T11:40:04+00:00\",\"breadcrumb\":{\"@id\":\"\/en\/team\/#breadcrumb\"},\"inLanguage\":\"en-US\",\"potentialAction\":[{\"@type\":\"ReadAction\",\"target\":[\"\/en\/team\/\"]}]},{\"@type\":\"BreadcrumbList\",\"@id\":\"\/en\/team\/#breadcrumb\",\"itemListElement\":[{\"@type\":\"ListItem\",\"position\":1,\"name\":\"Startseite\",\"item\":\"\/en\/\"},{\"@type\":\"ListItem\",\"position\":2,\"name\":\"Team\"}]},{\"@type\":\"WebSite\",\"@id\":\"https:\/\/jdbcontentwerft.de\/#website\",\"url\":\"https:\/\/jdbcontentwerft.de\/\",\"name\":\"JDB \u2013 ContentWerft\",\"description\":\"\",\"potentialAction\":[{\"@type\":\"SearchAction\",\"target\":{\"@type\":\"EntryPoint\",\"urlTemplate\":\"https:\/\/jdbcontentwerft.de\/?s={search_term_string}\"},\"query-input\":\"required name=search_term_string\"}],\"inLanguage\":\"en-US\"}]}<\/script>\n<!-- \/ Yoast SEO plugin. -->","yoast_head_json":{"title":"Team | JDB \u2013 ContentWerft","robots":{"index":"index","follow":"follow","max-snippet":"max-snippet:-1","max-image-preview":"max-image-preview:large","max-video-preview":"max-video-preview:-1"},"canonical":"\/en\/team\/","og_locale":"en_US","og_type":"article","og_title":"Team | JDB \u2013 ContentWerft","og_description":"[vc_row][vc_column][\/vc_column][\/vc_row][vc_row][vc_column][\/vc_column][\/vc_row][vc_row][vc_column][\/vc_column][\/vc_row]","og_url":"\/en\/team\/","og_site_name":"JDB \u2013 ContentWerft","article_modified_time":"2017-04-13T11:40:04+00:00","twitter_card":"summary_large_image","twitter_misc":{"Est. reading time":"1 minute"},"schema":{"@context":"https:\/\/schema.org","@graph":[{"@type":"WebPage","@id":"\/en\/team\/","url":"\/en\/team\/","name":"Team | JDB \u2013 ContentWerft","isPartOf":{"@id":"https:\/\/jdbcontentwerft.de\/#website"},"datePublished":"2017-03-14T12:06:21+00:00","dateModified":"2017-04-13T11:40:04+00:00","breadcrumb":{"@id":"\/en\/team\/#breadcrumb"},"inLanguage":"en-US","potentialAction":[{"@type":"ReadAction","target":["\/en\/team\/"]}]},{"@type":"BreadcrumbList","@id":"\/en\/team\/#breadcrumb","itemListElement":[{"@type":"ListItem","position":1,"name":"Startseite","item":"\/en\/"},{"@type":"ListItem","position":2,"name":"Team"}]},{"@type":"WebSite","@id":"https:\/\/jdbcontentwerft.de\/#website","url":"https:\/\/jdbcontentwerft.de\/","name":"JDB \u2013 ContentWerft","description":"","potentialAction":[{"@type":"SearchAction","target":{"@type":"EntryPoint","urlTemplate":"https:\/\/jdbcontentwerft.de\/?s={search_term_string}"},"query-input":"required name=search_term_string"}],"inLanguage":"en-US"}]}},"_links":{"self":[{"href":"\/en\/wp-json\/wp\/v2\/pages\/647"}],"collection":[{"href":"\/en\/wp-json\/wp\/v2\/pages"}],"about":[{"href":"\/en\/wp-json\/wp\/v2\/types\/page"}],"author":[{"embeddable":true,"href":"\/en\/wp-json\/wp\/v2\/users\/1"}],"replies":[{"embeddable":true,"href":"\/en\/wp-json\/wp\/v2\/comments?post=647"}],"version-history":[{"count":8,"href":"\/en\/wp-json\/wp\/v2\/pages\/647\/revisions"}],"predecessor-version":[{"id":1020,"href":"\/en\/wp-json\/wp\/v2\/pages\/647\/revisions\/1020"}],"wp:attachment":[{"href":"\/en\/wp-json\/wp\/v2\/media?parent=647"}],"curies":[{"name":"wp","href":"https:\/\/api.w.org\/{rel}","templated":true}]}}