{"id":653,"date":"2017-03-15T13:38:22","date_gmt":"2017-03-15T12:38:22","guid":{"rendered":"http:\/\/jdbcontentwerft.de\/imprint\/"},"modified":"2017-03-15T13:38:22","modified_gmt":"2017-03-15T12:38:22","slug":"imprint","status":"publish","type":"page","link":"\/en\/imprint\/","title":{"rendered":"Imprint"},"content":{"rendered":"<p>[vc_row][vc_column]<div class=\"artikel\"><article><h3><\/h3>JDB ContentWerft GmbH ist eine Tochtergesellschaft der<\/p>\n<p><span class=\"fett\">JDB MEDIA GmbH<\/span> (Anbieter i.S.d. \u00a7\u00a7 5 TMG, 55 RStV)<br \/>\nGesch\u00e4ftsf\u00fchrung: Jens de Buhr<br \/>\nUmsatzsteuer-Nr. gem\u00e4\u00df \u00a7 27a Umsatzsteuergesetz: xxxx<br \/>\nRegistergericht: Amtsgericht Hamburg<\/p>\n<p>Schanzenstr. 70<br \/>\n20357 Hamburg<\/p>\n<p>Tel. +49 40 46 88 32-0<br \/>\nFax: +49 40 46 88 32-32<br \/>\nE-Mail: <a href=\"mailto:info@contentwerft.de\">info@contentwerft.de<\/a><\/p>\n<p>Verantwortlich im Sinne des Presserechts und des \u00a7 6 des Medien-Staatsvertrages: JDB MEDIA GmbH, vertreten durch den Gesch\u00e4ftsf\u00fchrer Jens de Buhr.<\/p>\n<p class=\"fett\">Haftung f\u00fcr Inhalte<\/p>\n<p>Die Inhalte unserer Seiten wurden mit gr\u00f6\u00dfter Sorgfalt erstellt. F\u00fcr die Richtig- bzw. Vollst\u00e4ndigkeit \u00fcbernehmen wir keine Gew\u00e4hr. Als Dienstanbieter sind wir gem\u00e4\u00df \u00a7 7 Abs.1 TMG f\u00fcr Inhalte auf der Website der JDB ContentWerft nach den allgemeinen Gesetzen verantwortlich, jedoch nicht verpflichtet, \u00fcbermittelte oder gespeicherte fremde Informationen zu \u00fcberwachen oder nach Umst\u00e4nden zu forschen, die auf eine rechtswidrige T\u00e4tigkeit hinweisen.<\/p>\n<p class=\"fett\">Haftung f\u00fcr Links<\/p>\n<p>Unser Angebot enth\u00e4lt Links zu externen Webseiten Dritter, auf deren Inhalte wir keinen Einfluss haben. Deshalb k\u00f6nnen wir f\u00fcr diese fremden Inhalte auch keine Gew\u00e4hr \u00fcbernehmen. Verlinkten Seiten wurden zum Zeitpunkt der Verlinkung auf m\u00f6gliche Rechtsverst\u00f6\u00dfe \u00fcberpr\u00fcft. Eine permanente inhaltliche Kontrolle der verlinkten Seiten ist jedoch ohne konkrete Anhaltspunkte einer Rechtsverletzung nicht zumutbar. Bei Bekanntwerden von Rechtsverletzungen werden wir derartige Links umgehend entfernen.<\/p>\n<p class=\"fett\">Urheberrecht<\/p>\n<p>S\u00e4mtliche Texte, Bilder und andere auf der Internetseite ver\u00f6ffentlichten Werke unterliegen &#8211; sofern nicht anders gekennzeichnet &#8211; dem Copyright der JDB MEDIA GmbH. Downloads und Kopien sind nur f\u00fcr den privaten Gebrauch gestattet. Jede kommerzielle Vervielf\u00e4ltigung, Verbreitung, Speicherung, \u00dcbermittlung, Sendung und Wieder- bzw. Weitergabe ist ohne schriftliche Genehmigung der Rechtsinhaberin ausdr\u00fccklich untersagt. Soweit die Inhalte dieser Website dem Urheberrecht Dritter unterliegen, finden Sie dies entsprechend gekennzeichnet. Lizenzierte Videos und Bilder:<\/p>\n<p class=\"fett\">Credits<\/p>\n<p>iStock.com\/Peopleimages, iStock.com\/littlehenrabi, fotolia\/georgejmclittle<\/p>\n<p class=\"fett\">Webdesign<\/p>\n<p>F\u00fcr diese Internetseiten wurde das WordPress-Theme \u201exxx\u201c von <a href=\"http:\/\/hanselotsen.de\/\" target=\"_blank\"><i>hanse<\/i>lotsen lizenziert.<\/a><\/article><\/div>[\/vc_column][\/vc_row]<\/p>\n","protected":false},"excerpt":{"rendered":"[vc_row][vc_column][\/vc_column][\/vc_row]","protected":false},"author":1,"featured_media":0,"parent":0,"menu_order":0,"comment_status":"closed","ping_status":"closed","template":"","meta":[],"acf":[],"yoast_head":"<!-- This site is optimized with the Yoast SEO plugin v20.1 - https:\/\/yoast.com\/wordpress\/plugins\/seo\/ -->\n<title>Imprint | JDB \u2013 ContentWerft<\/title>\n<meta name=\"robots\" content=\"index, follow, max-snippet:-1, max-image-preview:large, max-video-preview:-1\" \/>\n<link rel=\"canonical\" href=\"\/en\/imprint\/\" \/>\n<meta property=\"og:locale\" content=\"en_US\" \/>\n<meta property=\"og:type\" content=\"article\" \/>\n<meta property=\"og:title\" content=\"Imprint | JDB \u2013 ContentWerft\" \/>\n<meta property=\"og:description\" content=\"[vc_row][vc_column][\/vc_column][\/vc_row]\" \/>\n<meta property=\"og:url\" content=\"\/en\/imprint\/\" \/>\n<meta property=\"og:site_name\" content=\"JDB \u2013 ContentWerft\" \/>\n<meta name=\"twitter:card\" content=\"summary_large_image\" \/>\n<meta name=\"twitter:label1\" content=\"Est. reading time\" \/>\n\t<meta name=\"twitter:data1\" content=\"2 minutes\" \/>\n<script type=\"application\/ld+json\" class=\"yoast-schema-graph\">{\"@context\":\"https:\/\/schema.org\",\"@graph\":[{\"@type\":\"WebPage\",\"@id\":\"\/en\/imprint\/\",\"url\":\"\/en\/imprint\/\",\"name\":\"Imprint | JDB \u2013 ContentWerft\",\"isPartOf\":{\"@id\":\"https:\/\/jdbcontentwerft.de\/#website\"},\"datePublished\":\"2017-03-15T12:38:22+00:00\",\"dateModified\":\"2017-03-15T12:38:22+00:00\",\"breadcrumb\":{\"@id\":\"\/en\/imprint\/#breadcrumb\"},\"inLanguage\":\"en-US\",\"potentialAction\":[{\"@type\":\"ReadAction\",\"target\":[\"\/en\/imprint\/\"]}]},{\"@type\":\"BreadcrumbList\",\"@id\":\"\/en\/imprint\/#breadcrumb\",\"itemListElement\":[{\"@type\":\"ListItem\",\"position\":1,\"name\":\"Startseite\",\"item\":\"\/en\/\"},{\"@type\":\"ListItem\",\"position\":2,\"name\":\"Imprint\"}]},{\"@type\":\"WebSite\",\"@id\":\"https:\/\/jdbcontentwerft.de\/#website\",\"url\":\"https:\/\/jdbcontentwerft.de\/\",\"name\":\"JDB \u2013 ContentWerft\",\"description\":\"\",\"potentialAction\":[{\"@type\":\"SearchAction\",\"target\":{\"@type\":\"EntryPoint\",\"urlTemplate\":\"https:\/\/jdbcontentwerft.de\/?s={search_term_string}\"},\"query-input\":\"required name=search_term_string\"}],\"inLanguage\":\"en-US\"}]}<\/script>\n<!-- \/ Yoast SEO plugin. -->","yoast_head_json":{"title":"Imprint | JDB \u2013 ContentWerft","robots":{"index":"index","follow":"follow","max-snippet":"max-snippet:-1","max-image-preview":"max-image-preview:large","max-video-preview":"max-video-preview:-1"},"canonical":"\/en\/imprint\/","og_locale":"en_US","og_type":"article","og_title":"Imprint | JDB \u2013 ContentWerft","og_description":"[vc_row][vc_column][\/vc_column][\/vc_row]","og_url":"\/en\/imprint\/","og_site_name":"JDB \u2013 ContentWerft","twitter_card":"summary_large_image","twitter_misc":{"Est. reading time":"2 minutes"},"schema":{"@context":"https:\/\/schema.org","@graph":[{"@type":"WebPage","@id":"\/en\/imprint\/","url":"\/en\/imprint\/","name":"Imprint | JDB \u2013 ContentWerft","isPartOf":{"@id":"https:\/\/jdbcontentwerft.de\/#website"},"datePublished":"2017-03-15T12:38:22+00:00","dateModified":"2017-03-15T12:38:22+00:00","breadcrumb":{"@id":"\/en\/imprint\/#breadcrumb"},"inLanguage":"en-US","potentialAction":[{"@type":"ReadAction","target":["\/en\/imprint\/"]}]},{"@type":"BreadcrumbList","@id":"\/en\/imprint\/#breadcrumb","itemListElement":[{"@type":"ListItem","position":1,"name":"Startseite","item":"\/en\/"},{"@type":"ListItem","position":2,"name":"Imprint"}]},{"@type":"WebSite","@id":"https:\/\/jdbcontentwerft.de\/#website","url":"https:\/\/jdbcontentwerft.de\/","name":"JDB \u2013 ContentWerft","description":"","potentialAction":[{"@type":"SearchAction","target":{"@type":"EntryPoint","urlTemplate":"https:\/\/jdbcontentwerft.de\/?s={search_term_string}"},"query-input":"required name=search_term_string"}],"inLanguage":"en-US"}]}},"_links":{"self":[{"href":"\/en\/wp-json\/wp\/v2\/pages\/653"}],"collection":[{"href":"\/en\/wp-json\/wp\/v2\/pages"}],"about":[{"href":"\/en\/wp-json\/wp\/v2\/types\/page"}],"author":[{"embeddable":true,"href":"\/en\/wp-json\/wp\/v2\/users\/1"}],"replies":[{"embeddable":true,"href":"\/en\/wp-json\/wp\/v2\/comments?post=653"}],"version-history":[{"count":0,"href":"\/en\/wp-json\/wp\/v2\/pages\/653\/revisions"}],"wp:attachment":[{"href":"\/en\/wp-json\/wp\/v2\/media?parent=653"}],"curies":[{"name":"wp","href":"https:\/\/api.w.org\/{rel}","templated":true}]}}